{"id":3454,"date":"2021-06-25T15:15:18","date_gmt":"2021-06-25T15:15:18","guid":{"rendered":"https:\/\/hawk-tech.io\/hawk-nachrichten\/"},"modified":"2022-09-15T08:11:19","modified_gmt":"2022-09-15T08:11:19","slug":"hawk-nachrichten","status":"publish","type":"page","link":"https:\/\/hawk-tech.io\/de\/hawk-nachrichten\/","title":{"rendered":"Hawk &#8211; Nachrichten"},"content":{"rendered":"<p>[et_pb_section fb_built=&#8220;1&#8243; admin_label=&#8220;Hero Section&#8220; _builder_version=&#8220;4.17.6&#8243; background_color_gradient_direction=&#8220;-90deg&#8220; background_image=&#8220;https:\/\/hawk-tech.io\/wp-content\/uploads\/2021\/03\/bg-content.jpg&#8220; background_size=&#8220;contain&#8220; background_position=&#8220;top_center&#8220; custom_margin=&#8220;0px||||false|false&#8220; custom_margin_tablet=&#8220;&#8220; custom_margin_phone=&#8220;40px|0px||0px|false|false&#8220; custom_margin_last_edited=&#8220;on|phone&#8220; custom_padding=&#8220;40px|0px||0px|false|true&#8220; hover_enabled=&#8220;0&#8243; background_last_edited=&#8220;on|desktop&#8220; background_enable_image_phone=&#8220;off&#8220; da_disable_devices=&#8220;off|off|off&#8220; locked=&#8220;off&#8220; global_colors_info=&#8220;{}&#8220; sticky_enabled=&#8220;0&#8243; da_is_popup=&#8220;off&#8220; da_exit_intent=&#8220;off&#8220; da_has_close=&#8220;on&#8220; da_alt_close=&#8220;off&#8220; da_dark_close=&#8220;off&#8220; da_not_modal=&#8220;on&#8220; da_is_singular=&#8220;off&#8220; da_with_loader=&#8220;off&#8220; da_has_shadow=&#8220;on&#8220;][et_pb_row use_custom_gutter=&#8220;on&#8220; gutter_width=&#8220;1&#8243; custom_padding_last_edited=&#8220;on|phone&#8220; _builder_version=&#8220;4.17.6&#8243; background_color=&#8220;RGBA(0,0,0,0)&#8220; width=&#8220;100%&#8220; max_width=&#8220;1440px&#8220; custom_margin=&#8220;100px||0px||false|false&#8220; custom_margin_tablet=&#8220;&#8220; custom_margin_phone=&#8220;0px||||false|false&#8220; custom_margin_last_edited=&#8220;on|phone&#8220; custom_padding=&#8220;0px|5%|0px|5%|false|true&#8220; custom_padding_tablet=&#8220;&#8220; custom_padding_phone=&#8220;0px|20px||20px|false|true&#8220; animation_style=&#8220;fade&#8220; animation_direction=&#8220;bottom&#8220; hover_enabled=&#8220;0&#8243; custom_css_main_element=&#8220;padding-top:0px;&#8220; locked=&#8220;off&#8220; global_colors_info=&#8220;{}&#8220; sticky_enabled=&#8220;0&#8243;][et_pb_column type=&#8220;4_4&#8243; _builder_version=&#8220;4.16&#8243; background_color=&#8220;RGBA(0,0,0,0)&#8220; background_color_gradient_direction=&#8220;150deg&#8220; custom_padding=&#8220;|||0px|false|false&#8220; global_colors_info=&#8220;{}&#8220; custom_padding__hover=&#8220;|||&#8220;][et_pb_text admin_label=&#8220;Title&#8220; _builder_version=&#8220;4.17.6&#8243; text_font=&#8220;Ubuntu||||||||&#8220; text_font_size=&#8220;16px&#8220; text_line_height=&#8220;1.8em&#8220; header_font=&#8220;||||||||&#8220; header_text_align=&#8220;left&#8220; header_text_color=&#8220;#0f4898&#8243; header_font_size=&#8220;27px&#8220; header_2_font=&#8220;|700|||||||&#8220; header_2_text_align=&#8220;left&#8220; header_2_text_color=&#8220;#0f4898&#8243; header_2_font_size=&#8220;60px&#8220; header_2_letter_spacing=&#8220;-3px&#8220; background_enable_color=&#8220;off&#8220; background_color_gradient_direction=&#8220;150deg&#8220; text_orientation=&#8220;center&#8220; module_alignment=&#8220;center&#8220; hover_enabled=&#8220;0&#8243; header_2_font_size_tablet=&#8220;&#8220; header_2_font_size_phone=&#8220;45px&#8220; header_2_font_size_last_edited=&#8220;on|phone&#8220; inline_fonts=&#8220;Baloo Bhai&#8220; global_colors_info=&#8220;{}&#8220; sticky_enabled=&#8220;0&#8243;]<\/p>\n<h2 class=\"headinggradient\">Hawk News<\/h2>\n<p>[\/et_pb_text][\/et_pb_column][\/et_pb_row][et_pb_row _builder_version=&#8220;4.16&#8243; _module_preset=&#8220;default&#8220; max_width=&#8220;1440px&#8220; custom_padding=&#8220;|5%||5%|false|true&#8220; global_colors_info=&#8220;{}&#8220;][et_pb_column type=&#8220;4_4&#8243; _builder_version=&#8220;4.16&#8243; _module_preset=&#8220;default&#8220; global_colors_info=&#8220;{}&#8220;][et_pb_post_slider include_categories=&#8220;all&#8220; show_pagination=&#8220;off&#8220; use_manual_excerpt=&#8220;off&#8220; image_placement=&#8220;left&#8220; _builder_version=&#8220;4.17.6&#8243; _module_preset=&#8220;default&#8220; use_background_color_gradient=&#8220;on&#8220; background_color_gradient_direction=&#8220;90deg&#8220; background_color_gradient_stops=&#8220;#0f4898 0%|#0fb3af 100%&#8220; background_color_gradient_start=&#8220;#0f4898&#8243; background_color_gradient_end=&#8220;#0fb3af&#8220; custom_margin=&#8220;0px||0px||false|false&#8220; custom_padding=&#8220;40px||40px||false|false&#8220; hover_enabled=&#8220;0&#8243; global_colors_info=&#8220;{}&#8220; admin_label=&#8220;Curseur de d\u00e9filement des posts&#8220; sticky_enabled=&#8220;0&#8243;][\/et_pb_post_slider][\/et_pb_column][\/et_pb_row][et_pb_row make_equal=&#8220;on&#8220; _builder_version=&#8220;4.17.6&#8243; _module_preset=&#8220;default&#8220; background_color=&#8220;RGBA(0,0,0,0)&#8220; max_width=&#8220;1440px&#8220; module_alignment=&#8220;center&#8220; custom_padding=&#8220;|5%||5%|false|true&#8220; hover_enabled=&#8220;0&#8243; global_colors_info=&#8220;{}&#8220; sticky_enabled=&#8220;0&#8243;][et_pb_column type=&#8220;4_4&#8243; _builder_version=&#8220;4.16&#8243; _module_preset=&#8220;default&#8220; global_colors_info=&#8220;{}&#8220;][et_pb_blog fullwidth=&#8220;off&#8220; include_categories=&#8220;all&#8220; show_author=&#8220;off&#8220; show_categories=&#8220;off&#8220; _builder_version=&#8220;4.17.6&#8243; _module_preset=&#8220;default&#8220; pagination_text_color=&#8220;#6b6b6b&#8220; hover_enabled=&#8220;0&#8243; global_colors_info=&#8220;{}&#8220; sticky_enabled=&#8220;0&#8243; show_more=&#8220;on&#8220; show_more_last_edited=&#8220;on|desktop&#8220; show_more_tablet=&#8220;on&#8220; show_more_phone=&#8220;on&#8220;][\/et_pb_blog][\/et_pb_column][\/et_pb_row][\/et_pb_section][et_pb_section fb_built=&#8220;1&#8243; admin_label=&#8220;Contact Section&#8220; module_id=&#8220;contact_block&#8220; _builder_version=&#8220;4.17.6&#8243; background_color=&#8220;rgba(0,0,0,0)&#8220; background_enable_image=&#8220;off&#8220; custom_padding=&#8220;0px|0px|0px|0px&#8220; hover_enabled=&#8220;0&#8243; da_disable_devices=&#8220;off|off|off&#8220; saved_tabs=&#8220;all&#8220; global_colors_info=&#8220;{}&#8220; sticky_enabled=&#8220;0&#8243; da_is_popup=&#8220;off&#8220; da_exit_intent=&#8220;off&#8220; da_has_close=&#8220;on&#8220; da_alt_close=&#8220;off&#8220; da_dark_close=&#8220;off&#8220; da_not_modal=&#8220;on&#8220; da_is_singular=&#8220;off&#8220; da_with_loader=&#8220;off&#8220; da_has_shadow=&#8220;on&#8220;][et_pb_row column_structure=&#8220;1_2,1_2&#8243; use_custom_gutter=&#8220;on&#8220; gutter_width=&#8220;1&#8243; make_equal=&#8220;on&#8220; admin_label=&#8220;Contact Row&#8220; module_class=&#8220; et_pb_row_fullwidth&#8220; _builder_version=&#8220;4.16&#8243; width=&#8220;100%&#8220; width_tablet=&#8220;100%&#8220; width_phone=&#8220;&#8220; width_last_edited=&#8220;on|desktop&#8220; max_width=&#8220;100%&#8220; max_width_tablet=&#8220;100%&#8220; max_width_phone=&#8220;&#8220; max_width_last_edited=&#8220;on|desktop&#8220; custom_padding=&#8220;0px||0px|&#8220; make_fullwidth=&#8220;on&#8220; global_colors_info=&#8220;{}&#8220;][et_pb_column type=&#8220;1_2&#8243; _builder_version=&#8220;4.16&#8243; background_color=&#8220;#0f7ca3&#8243; background_image=&#8220;https:\/\/hawk-tech.io\/wp-content\/uploads\/2020\/10\/MG_9360.jpg&#8220; parallax=&#8220;on&#8220; custom_padding=&#8220;140px|10%|61px|10%|false|false&#8220; custom_css_main_element=&#8220;self-align:center;&#8220; global_colors_info=&#8220;{}&#8220; custom_padding__hover=&#8220;|||&#8220;][et_pb_text admin_label=&#8220;Title&#8220; _builder_version=&#8220;4.17.6&#8243; text_font=&#8220;Roboto||||||||&#8220; text_text_color=&#8220;#ffffff&#8220; text_font_size=&#8220;18px&#8220; text_line_height=&#8220;1.8em&#8220; header_font=&#8220;Baloo 2||||||||&#8220; header_2_font=&#8220;Baloo 2|700|||||||&#8220; header_2_text_color=&#8220;#ffffff&#8220; header_2_font_size=&#8220;50px&#8220; header_2_line_height=&#8220;1.4em&#8220; max_width=&#8220;400px&#8220; module_alignment=&#8220;center&#8220; custom_margin=&#8220;||||false|false&#8220; custom_padding=&#8220;|||&#8220; hover_enabled=&#8220;0&#8243; locked=&#8220;off&#8220; global_colors_info=&#8220;{}&#8220; sticky_enabled=&#8220;0&#8243;]<\/p>\n<h2>Kontaktieren Sie uns!<\/h2>\n<p>M\u00f6chten Sie mehr \u00fcber unsere Plattform und unsere L\u00f6sungen erfahren? Kontaktieren Sie uns und wir kommen in K\u00fcrze auf Sie zur\u00fcck.<\/p>\n<p>[\/et_pb_text][\/et_pb_column][et_pb_column type=&#8220;1_2&#8243; _builder_version=&#8220;4.16&#8243; background_color=&#8220;#41b3AD&#8220; custom_padding=&#8220;|||&#8220; global_colors_info=&#8220;{}&#8220; custom_padding__hover=&#8220;|||&#8220;][et_pb_contact_form use_spam_service=&#8220;on&#8220; recaptcha_list=&#8220;Hawk|Hawk-0&#8243; email=&#8220;contact@hawk-tech.io&#8220; custom_message=&#8220;You have a new message via the contact form of the hawk-tech.io website||et_pb_line_break_holder||||et_pb_line_break_holder||%%Name%%||et_pb_line_break_holder||%%Email%%||et_pb_line_break_holder||%%Title%%||et_pb_line_break_holder||%%Details%%&#8220; success_message=&#8220;Thank you! Your message has been sent. Our team will answer you shortly.&#8220; submit_button_text=&#8220;Send&#8220; module_id=&#8220;et_pb_contact_form_0&#8243; _builder_version=&#8220;4.17.6&#8243; _unique_id=&#8220;dc0d3b29-5b8a-4c20-9503-adda4af898d8&#8243; form_field_background_color=&#8220;rgba(255,255,255,0.2)&#8220; form_field_text_color=&#8220;#ffffff&#8220; title_font=&#8220;Baloo Bhai 2 Regular||||||||&#8220; form_field_font=&#8220;Ubuntu|500|||||||&#8220; form_field_font_size=&#8220;14px&#8220; background_color=&#8220;rgba(0,0,0,0)&#8220; custom_button=&#8220;on&#8220; button_text_size=&#8220;18px&#8220; button_text_color=&#8220;#ffffff&#8220; button_bg_color=&#8220;#0f7ca3&#8243; button_border_width=&#8220;3px&#8220; button_border_color=&#8220;#0f7ca3&#8243; button_border_radius=&#8220;5px&#8220; button_letter_spacing=&#8220;0px&#8220; button_font=&#8220;Baloo Bhai|||on|||||&#8220; button_use_icon=&#8220;off&#8220; button_custom_margin=&#8220;0px||||false|false&#8220; button_custom_padding=&#8220;6px||4px||false|false&#8220; text_orientation=&#8220;left&#8220; max_width=&#8220;80%&#8220; module_alignment=&#8220;center&#8220; custom_margin=&#8220;65px|40px|6px|40px|false|false&#8220; animation_style=&#8220;slide&#8220; animation_direction=&#8220;right&#8220; animation_intensity_slide=&#8220;10%&#8220; hover_enabled=&#8220;0&#8243; border_radii=&#8220;on|5px|5px|5px|5px&#8220; form_background_color=&#8220;rgba(255,255,255,0.05)&#8220; global_colors_info=&#8220;{}&#8220; admin_label=&#8220;Formulaire de contact&#8220; sticky_enabled=&#8220;0&#8243;][et_pb_contact_field field_id=&#8220;Name&#8220; field_title=&#8220;Nom&#8220; _builder_version=&#8220;4.16&#8243; global_colors_info=&#8220;{}&#8220; button_text_size__hover_enabled=&#8220;off&#8220; button_one_text_size__hover_enabled=&#8220;off&#8220; button_two_text_size__hover_enabled=&#8220;off&#8220; button_text_color__hover_enabled=&#8220;off&#8220; button_one_text_color__hover_enabled=&#8220;off&#8220; button_two_text_color__hover_enabled=&#8220;off&#8220; button_border_width__hover_enabled=&#8220;off&#8220; button_one_border_width__hover_enabled=&#8220;off&#8220; button_two_border_width__hover_enabled=&#8220;off&#8220; button_border_color__hover_enabled=&#8220;off&#8220; button_one_border_color__hover_enabled=&#8220;off&#8220; button_two_border_color__hover_enabled=&#8220;off&#8220; button_border_radius__hover_enabled=&#8220;off&#8220; button_one_border_radius__hover_enabled=&#8220;off&#8220; button_two_border_radius__hover_enabled=&#8220;off&#8220; button_letter_spacing__hover_enabled=&#8220;off&#8220; button_one_letter_spacing__hover_enabled=&#8220;off&#8220; button_two_letter_spacing__hover_enabled=&#8220;off&#8220; button_bg_color__hover_enabled=&#8220;off&#8220; button_one_bg_color__hover_enabled=&#8220;off&#8220; button_two_bg_color__hover_enabled=&#8220;off&#8220;][\/et_pb_contact_field][et_pb_contact_field field_id=&#8220;Email&#8220; field_title=&#8220;Adresse e-mail&#8220; field_type=&#8220;email&#8220; _builder_version=&#8220;4.16&#8243; global_colors_info=&#8220;{}&#8220; button_text_size__hover_enabled=&#8220;off&#8220; button_one_text_size__hover_enabled=&#8220;off&#8220; button_two_text_size__hover_enabled=&#8220;off&#8220; button_text_color__hover_enabled=&#8220;off&#8220; button_one_text_color__hover_enabled=&#8220;off&#8220; button_two_text_color__hover_enabled=&#8220;off&#8220; button_border_width__hover_enabled=&#8220;off&#8220; button_one_border_width__hover_enabled=&#8220;off&#8220; button_two_border_width__hover_enabled=&#8220;off&#8220; button_border_color__hover_enabled=&#8220;off&#8220; button_one_border_color__hover_enabled=&#8220;off&#8220; button_two_border_color__hover_enabled=&#8220;off&#8220; button_border_radius__hover_enabled=&#8220;off&#8220; button_one_border_radius__hover_enabled=&#8220;off&#8220; button_two_border_radius__hover_enabled=&#8220;off&#8220; button_letter_spacing__hover_enabled=&#8220;off&#8220; button_one_letter_spacing__hover_enabled=&#8220;off&#8220; button_two_letter_spacing__hover_enabled=&#8220;off&#8220; button_bg_color__hover_enabled=&#8220;off&#8220; button_one_bg_color__hover_enabled=&#8220;off&#8220; button_two_bg_color__hover_enabled=&#8220;off&#8220;][\/et_pb_contact_field][et_pb_contact_field field_id=&#8220;Title&#8220; field_title=&#8220;Sujet&#8220; fullwidth_field=&#8220;on&#8220; _builder_version=&#8220;4.16&#8243; global_colors_info=&#8220;{}&#8220; button_text_size__hover_enabled=&#8220;off&#8220; button_one_text_size__hover_enabled=&#8220;off&#8220; button_two_text_size__hover_enabled=&#8220;off&#8220; button_text_color__hover_enabled=&#8220;off&#8220; button_one_text_color__hover_enabled=&#8220;off&#8220; button_two_text_color__hover_enabled=&#8220;off&#8220; button_border_width__hover_enabled=&#8220;off&#8220; button_one_border_width__hover_enabled=&#8220;off&#8220; button_two_border_width__hover_enabled=&#8220;off&#8220; button_border_color__hover_enabled=&#8220;off&#8220; button_one_border_color__hover_enabled=&#8220;off&#8220; button_two_border_color__hover_enabled=&#8220;off&#8220; button_border_radius__hover_enabled=&#8220;off&#8220; button_one_border_radius__hover_enabled=&#8220;off&#8220; button_two_border_radius__hover_enabled=&#8220;off&#8220; button_letter_spacing__hover_enabled=&#8220;off&#8220; button_one_letter_spacing__hover_enabled=&#8220;off&#8220; button_two_letter_spacing__hover_enabled=&#8220;off&#8220; button_bg_color__hover_enabled=&#8220;off&#8220; button_one_bg_color__hover_enabled=&#8220;off&#8220; button_two_bg_color__hover_enabled=&#8220;off&#8220;][\/et_pb_contact_field][et_pb_contact_field field_id=&#8220;Details&#8220; field_title=&#8220;Votre message&#8220; field_type=&#8220;text&#8220; fullwidth_field=&#8220;on&#8220; _builder_version=&#8220;4.16&#8243; global_colors_info=&#8220;{}&#8220; button_text_size__hover_enabled=&#8220;off&#8220; button_one_text_size__hover_enabled=&#8220;off&#8220; button_two_text_size__hover_enabled=&#8220;off&#8220; button_text_color__hover_enabled=&#8220;off&#8220; button_one_text_color__hover_enabled=&#8220;off&#8220; button_two_text_color__hover_enabled=&#8220;off&#8220; button_border_width__hover_enabled=&#8220;off&#8220; button_one_border_width__hover_enabled=&#8220;off&#8220; button_two_border_width__hover_enabled=&#8220;off&#8220; button_border_color__hover_enabled=&#8220;off&#8220; button_one_border_color__hover_enabled=&#8220;off&#8220; button_two_border_color__hover_enabled=&#8220;off&#8220; button_border_radius__hover_enabled=&#8220;off&#8220; button_one_border_radius__hover_enabled=&#8220;off&#8220; button_two_border_radius__hover_enabled=&#8220;off&#8220; button_letter_spacing__hover_enabled=&#8220;off&#8220; button_one_letter_spacing__hover_enabled=&#8220;off&#8220; button_two_letter_spacing__hover_enabled=&#8220;off&#8220; button_bg_color__hover_enabled=&#8220;off&#8220; button_one_bg_color__hover_enabled=&#8220;off&#8220; button_two_bg_color__hover_enabled=&#8220;off&#8220;][\/et_pb_contact_field][et_pb_contact_field fullwidth_field=&#8220;on&#8220; _builder_version=&#8220;4.17.6&#8243; _module_preset=&#8220;default&#8220;][\/et_pb_contact_field][\/et_pb_contact_form][\/et_pb_column][\/et_pb_row][\/et_pb_section][et_pb_section fb_built=&#8220;1&#8243; admin_label=&#8220;Popup &#8211; #newsletter&#8220; module_id=&#8220;newsletter&#8220; module_class=&#8220;popup on-exit close-alt dark&#8220; _builder_version=&#8220;4.17.6&#8243; _module_preset=&#8220;default&#8220; background_color=&#8220;RGBA(0,0,0,0)&#8220; max_width=&#8220;650px&#8220; custom_margin=&#8220;|0px||0px|false|false&#8220; custom_padding=&#8220;0px|0px|0px|0px|false|false&#8220; hover_enabled=&#8220;0&#8243; da_is_popup=&#8220;on&#8220; da_popup_slug=&#8220;newsletter&#8220; da_exit_intent=&#8220;on&#8220; da_dark_close=&#8220;on&#8220; da_alt_close=&#8220;on&#8220; da_disable_devices=&#8220;off|off|off&#8220; border_radii=&#8220;on|10px|10px|10px|10px&#8220; saved_tabs=&#8220;all&#8220; locked=&#8220;off&#8220; global_colors_info=&#8220;{}&#8220; sticky_enabled=&#8220;0&#8243; da_has_close=&#8220;on&#8220; da_not_modal=&#8220;on&#8220; da_is_singular=&#8220;off&#8220; da_with_loader=&#8220;off&#8220; da_has_shadow=&#8220;on&#8220;][et_pb_row _builder_version=&#8220;4.17.6&#8243; _module_preset=&#8220;default&#8220; width=&#8220;100%&#8220; max_width=&#8220;650px&#8220; module_alignment=&#8220;center&#8220; custom_margin=&#8220;0px|0px|0px|0px|false|false&#8220; custom_padding=&#8220;0px|0px|0px|0px|false|false&#8220; hover_enabled=&#8220;0&#8243; border_radii=&#8220;on|10px|10px|10px|10px&#8220; global_colors_info=&#8220;{}&#8220; sticky_enabled=&#8220;0&#8243;][et_pb_column type=&#8220;4_4&#8243; _builder_version=&#8220;4.16&#8243; _module_preset=&#8220;default&#8220; global_colors_info=&#8220;{}&#8220;][et_pb_signup mailchimp_list=&#8220;Mailchimp Hawk|ce23190c90&#8243; layout=&#8220;top_bottom&#8220; success_message=&#8220;Votre inscription a \u00e9t\u00e9 valid\u00e9e. A bient\u00f4t !&#8220; title=&#8220;Don&#8217;t miss any Hawk news! &#8220; description=&#8220;<\/p>\n<p>Follow Hawk news and don&#8217;t miss any of our platform updates, discover our new products and participate to our events !<\/p>\n<p>&#8220; _builder_version=&#8220;4.17.6&#8243; _module_preset=&#8220;default&#8220; background_color=&#8220;#0fb3af&#8220; hover_enabled=&#8220;0&#8243; border_radii=&#8220;on|10px|10px|10px|10px&#8220; global_colors_info=&#8220;{}&#8220; admin_label=&#8220;email Optin&#8220; sticky_enabled=&#8220;0&#8243;][\/et_pb_signup][\/et_pb_column][\/et_pb_row][\/et_pb_section]<\/p>\n","protected":false},"excerpt":{"rendered":"<p>Hawk NewsKontaktieren Sie uns! M\u00f6chten Sie mehr \u00fcber unsere Plattform und unsere L\u00f6sungen erfahren? Kontaktieren Sie uns und wir kommen in K\u00fcrze auf Sie zur\u00fcck.<\/p>\n","protected":false},"author":1,"featured_media":0,"parent":0,"menu_order":0,"comment_status":"closed","ping_status":"closed","template":"","meta":{"_et_pb_use_builder":"on","_et_pb_old_content":"","_et_gb_content_width":"","content-type":"","footnotes":""},"class_list":["post-3454","page","type-page","status-publish","hentry"],"yoast_head":"<!-- This site is optimized with the Yoast SEO plugin v27.3 - https:\/\/yoast.com\/product\/yoast-seo-wordpress\/ -->\n<title>Hawk - Nachrichten - Hawk<\/title>\n<meta name=\"description\" content=\"Wir helfen Marken und ihren Mediaagenturen die Umsetzung ihrer digitalen Kampagnen auszurichten. Hawk wurde 2013 in Paris von Hakim Metmer und Renaud Biet gegr\u00fcndet, und besch\u00e4ftigt heute mehr als 100 Mitarbeiter in 4 L\u00e4ndern.\" \/>\n<meta name=\"robots\" content=\"index, follow, max-snippet:-1, max-image-preview:large, max-video-preview:-1\" \/>\n<link rel=\"canonical\" href=\"https:\/\/hawk-tech.io\/de\/hawk-nachrichten\/\" \/>\n<meta property=\"og:locale\" content=\"de_DE\" \/>\n<meta property=\"og:type\" content=\"article\" \/>\n<meta property=\"og:title\" content=\"Hawk - Nachrichten - Hawk\" \/>\n<meta property=\"og:description\" content=\"Wir helfen Marken und ihren Mediaagenturen die Umsetzung ihrer digitalen Kampagnen auszurichten. Hawk wurde 2013 in Paris von Hakim Metmer und Renaud Biet gegr\u00fcndet, und besch\u00e4ftigt heute mehr als 100 Mitarbeiter in 4 L\u00e4ndern.\" \/>\n<meta property=\"og:url\" content=\"https:\/\/hawk-tech.io\/de\/hawk-nachrichten\/\" \/>\n<meta property=\"og:site_name\" content=\"Hawk\" \/>\n<meta property=\"article:modified_time\" content=\"2022-09-15T08:11:19+00:00\" \/>\n<meta name=\"twitter:card\" content=\"summary_large_image\" \/>\n<meta name=\"twitter:label1\" content=\"Gesch\u00e4tzte Lesezeit\" \/>\n\t<meta name=\"twitter:data1\" content=\"10\u00a0Minuten\" \/>\n<script type=\"application\/ld+json\" class=\"yoast-schema-graph\">{\"@context\":\"https:\\\/\\\/schema.org\",\"@graph\":[{\"@type\":\"WebPage\",\"@id\":\"https:\\\/\\\/hawk-tech.io\\\/de\\\/hawk-nachrichten\\\/\",\"url\":\"https:\\\/\\\/hawk-tech.io\\\/de\\\/hawk-nachrichten\\\/\",\"name\":\"Hawk - Nachrichten - Hawk\",\"isPartOf\":{\"@id\":\"https:\\\/\\\/hawk-tech.io\\\/de\\\/#website\"},\"datePublished\":\"2021-06-25T15:15:18+00:00\",\"dateModified\":\"2022-09-15T08:11:19+00:00\",\"description\":\"Wir helfen Marken und ihren Mediaagenturen die Umsetzung ihrer digitalen Kampagnen auszurichten. Hawk wurde 2013 in Paris von Hakim Metmer und Renaud Biet gegr\u00fcndet, und besch\u00e4ftigt heute mehr als 100 Mitarbeiter in 4 L\u00e4ndern.\",\"inLanguage\":\"de\",\"potentialAction\":[{\"@type\":\"ReadAction\",\"target\":[\"https:\\\/\\\/hawk-tech.io\\\/de\\\/hawk-nachrichten\\\/\"]}]},{\"@type\":\"WebSite\",\"@id\":\"https:\\\/\\\/hawk-tech.io\\\/de\\\/#website\",\"url\":\"https:\\\/\\\/hawk-tech.io\\\/de\\\/\",\"name\":\"Hawk\",\"description\":\"Making Omnichannel Advertising easier!\",\"publisher\":{\"@id\":\"https:\\\/\\\/hawk-tech.io\\\/de\\\/#organization\"},\"potentialAction\":[{\"@type\":\"SearchAction\",\"target\":{\"@type\":\"EntryPoint\",\"urlTemplate\":\"https:\\\/\\\/hawk-tech.io\\\/de\\\/?s={search_term_string}\"},\"query-input\":{\"@type\":\"PropertyValueSpecification\",\"valueRequired\":true,\"valueName\":\"search_term_string\"}}],\"inLanguage\":\"de\"},{\"@type\":\"Organization\",\"@id\":\"https:\\\/\\\/hawk-tech.io\\\/de\\\/#organization\",\"name\":\"Hawk\",\"url\":\"https:\\\/\\\/hawk-tech.io\\\/de\\\/\",\"logo\":{\"@type\":\"ImageObject\",\"inLanguage\":\"de\",\"@id\":\"https:\\\/\\\/hawk-tech.io\\\/de\\\/#\\\/schema\\\/logo\\\/image\\\/\",\"url\":\"https:\\\/\\\/hawk-tech.io\\\/wp-content\\\/uploads\\\/2022\\\/03\\\/Hawk_logo.png\",\"contentUrl\":\"https:\\\/\\\/hawk-tech.io\\\/wp-content\\\/uploads\\\/2022\\\/03\\\/Hawk_logo.png\",\"width\":600,\"height\":250,\"caption\":\"Hawk\"},\"image\":{\"@id\":\"https:\\\/\\\/hawk-tech.io\\\/de\\\/#\\\/schema\\\/logo\\\/image\\\/\"}}]}<\/script>\n<!-- \/ Yoast SEO plugin. -->","yoast_head_json":{"title":"Hawk - Nachrichten - Hawk","description":"Wir helfen Marken und ihren Mediaagenturen die Umsetzung ihrer digitalen Kampagnen auszurichten. Hawk wurde 2013 in Paris von Hakim Metmer und Renaud Biet gegr\u00fcndet, und besch\u00e4ftigt heute mehr als 100 Mitarbeiter in 4 L\u00e4ndern.","robots":{"index":"index","follow":"follow","max-snippet":"max-snippet:-1","max-image-preview":"max-image-preview:large","max-video-preview":"max-video-preview:-1"},"canonical":"https:\/\/hawk-tech.io\/de\/hawk-nachrichten\/","og_locale":"de_DE","og_type":"article","og_title":"Hawk - Nachrichten - Hawk","og_description":"Wir helfen Marken und ihren Mediaagenturen die Umsetzung ihrer digitalen Kampagnen auszurichten. Hawk wurde 2013 in Paris von Hakim Metmer und Renaud Biet gegr\u00fcndet, und besch\u00e4ftigt heute mehr als 100 Mitarbeiter in 4 L\u00e4ndern.","og_url":"https:\/\/hawk-tech.io\/de\/hawk-nachrichten\/","og_site_name":"Hawk","article_modified_time":"2022-09-15T08:11:19+00:00","twitter_card":"summary_large_image","twitter_misc":{"Gesch\u00e4tzte Lesezeit":"10\u00a0Minuten"},"schema":{"@context":"https:\/\/schema.org","@graph":[{"@type":"WebPage","@id":"https:\/\/hawk-tech.io\/de\/hawk-nachrichten\/","url":"https:\/\/hawk-tech.io\/de\/hawk-nachrichten\/","name":"Hawk - Nachrichten - Hawk","isPartOf":{"@id":"https:\/\/hawk-tech.io\/de\/#website"},"datePublished":"2021-06-25T15:15:18+00:00","dateModified":"2022-09-15T08:11:19+00:00","description":"Wir helfen Marken und ihren Mediaagenturen die Umsetzung ihrer digitalen Kampagnen auszurichten. Hawk wurde 2013 in Paris von Hakim Metmer und Renaud Biet gegr\u00fcndet, und besch\u00e4ftigt heute mehr als 100 Mitarbeiter in 4 L\u00e4ndern.","inLanguage":"de","potentialAction":[{"@type":"ReadAction","target":["https:\/\/hawk-tech.io\/de\/hawk-nachrichten\/"]}]},{"@type":"WebSite","@id":"https:\/\/hawk-tech.io\/de\/#website","url":"https:\/\/hawk-tech.io\/de\/","name":"Hawk","description":"Making Omnichannel Advertising easier!","publisher":{"@id":"https:\/\/hawk-tech.io\/de\/#organization"},"potentialAction":[{"@type":"SearchAction","target":{"@type":"EntryPoint","urlTemplate":"https:\/\/hawk-tech.io\/de\/?s={search_term_string}"},"query-input":{"@type":"PropertyValueSpecification","valueRequired":true,"valueName":"search_term_string"}}],"inLanguage":"de"},{"@type":"Organization","@id":"https:\/\/hawk-tech.io\/de\/#organization","name":"Hawk","url":"https:\/\/hawk-tech.io\/de\/","logo":{"@type":"ImageObject","inLanguage":"de","@id":"https:\/\/hawk-tech.io\/de\/#\/schema\/logo\/image\/","url":"https:\/\/hawk-tech.io\/wp-content\/uploads\/2022\/03\/Hawk_logo.png","contentUrl":"https:\/\/hawk-tech.io\/wp-content\/uploads\/2022\/03\/Hawk_logo.png","width":600,"height":250,"caption":"Hawk"},"image":{"@id":"https:\/\/hawk-tech.io\/de\/#\/schema\/logo\/image\/"}}]}},"_links":{"self":[{"href":"https:\/\/hawk-tech.io\/de\/wp-json\/wp\/v2\/pages\/3454","targetHints":{"allow":["GET"]}}],"collection":[{"href":"https:\/\/hawk-tech.io\/de\/wp-json\/wp\/v2\/pages"}],"about":[{"href":"https:\/\/hawk-tech.io\/de\/wp-json\/wp\/v2\/types\/page"}],"author":[{"embeddable":true,"href":"https:\/\/hawk-tech.io\/de\/wp-json\/wp\/v2\/users\/1"}],"replies":[{"embeddable":true,"href":"https:\/\/hawk-tech.io\/de\/wp-json\/wp\/v2\/comments?post=3454"}],"version-history":[{"count":0,"href":"https:\/\/hawk-tech.io\/de\/wp-json\/wp\/v2\/pages\/3454\/revisions"}],"wp:attachment":[{"href":"https:\/\/hawk-tech.io\/de\/wp-json\/wp\/v2\/media?parent=3454"}],"curies":[{"name":"wp","href":"https:\/\/api.w.org\/{rel}","templated":true}]}}