{"id":4040,"date":"2022-04-22T08:49:01","date_gmt":"2022-04-22T08:49:01","guid":{"rendered":"https:\/\/hawk-tech.io\/?page_id=4040"},"modified":"2024-02-19T09:11:48","modified_gmt":"2024-02-19T09:11:48","slug":"mentions-legales","status":"publish","type":"page","link":"https:\/\/hawk-tech.io\/fr\/mentions-legales\/","title":{"rendered":"Mentions L\u00e9gales"},"content":{"rendered":"<p>[et_pb_section fb_built=\u00a0\u00bb1&Prime; _builder_version=\u00a0\u00bb4.16&Prime; global_colors_info=\u00a0\u00bb{}\u00a0\u00bb][et_pb_row _builder_version=\u00a0\u00bb4.16&Prime; background_size=\u00a0\u00bbinitial\u00a0\u00bb background_position=\u00a0\u00bbtop_left\u00a0\u00bb background_repeat=\u00a0\u00bbrepeat\u00a0\u00bb global_colors_info=\u00a0\u00bb{}\u00a0\u00bb][et_pb_column type=\u00a0\u00bb4_4&Prime; _builder_version=\u00a0\u00bb4.16&Prime; custom_padding=\u00a0\u00bb|||\u00a0\u00bb global_colors_info=\u00a0\u00bb{}\u00a0\u00bb custom_padding__hover=\u00a0\u00bb|||\u00a0\u00bb][et_pb_text _builder_version=\u00a0\u00bb4.24.0&Prime; header_font=\u00a0\u00bb|600|||||||\u00a0\u00bb header_2_font=\u00a0\u00bbBaloo Medium||||||||\u00a0\u00bb background_size=\u00a0\u00bbinitial\u00a0\u00bb background_position=\u00a0\u00bbtop_left\u00a0\u00bb background_repeat=\u00a0\u00bbrepeat\u00a0\u00bb hover_enabled=\u00a0\u00bb0&Prime; global_colors_info=\u00a0\u00bb{}\u00a0\u00bb sticky_enabled=\u00a0\u00bb0&Prime;]<\/p>\n<h1>Mentions l\u00e9gales<\/h1>\n<p><em>Date de la derni\u00e8re mise \u00e0 jour : 15\/04\/2022<\/em><\/p>\n<p><a name=\"_Toc36624487\"><\/a><\/p>\n<p><strong>Editeur<\/strong><\/p>\n<p>L\u2019\u00e9diteur du site internet <a href=\"http:\/\/www.hawk-tech.io\">www.hawk-tech.io<\/a> est\u00a0:<\/p>\n<p><strong>HAWK SAS<\/strong><\/p>\n<p>Soci\u00e9t\u00e9 par actions simplifi\u00e9e (SAS),<\/p>\n<p>au capital de 68.689 \u20ac,<br \/>2 RUE DE CLICHY \u2013<\/p>\n<p>75009 PARIS \u2013 FRANCE<\/p>\n<p>Immatricul\u00e9 au RCS de Paris, sous le num\u00e9ro 795 236 868 RCS (Code APE 7312Z)<br \/>SIRET n\u00b079523686800019, n\u00b0 79523686800068 (si\u00e8ge de l&rsquo;entreprise)<\/p>\n<p>N\u00b0 TVA FR78795236868<\/p>\n<p>Repr\u00e9sent\u00e9e par M. Renaud BIET en qualit\u00e9 de Pr\u00e9sident et M. Hakim METMER en qualit\u00e9 de Directeur g\u00e9n\u00e9ral<a name=\"_Toc36624489\"><\/a><\/p>\n<p>T\u00e9l\u00a0: +33 (0) 9 83 63 37 19<\/p>\n<p><strong>H\u00e9bergeur<\/strong><\/p>\n<p><strong>\u00a0<\/strong><\/p>\n<p>L\u2019h\u00e9bergeur du site internet <a href=\"http:\/\/www.hawk-tech.io\">www.hawk-tech.io<\/a> est\u00a0:<\/p>\n<p><strong>OVH SAS <\/strong><\/p>\n<p>Soci\u00e9t\u00e9 par actions simplifi\u00e9e (SAS),<\/p>\n<p>au capital de 10 069 020 \u20ac<\/p>\n<p>2 rue KELLERMANN<\/p>\n<p>59100 ROUBAIX \u2013 FRANCE<\/p>\n<p>Immatricul\u00e9e au RCS Lille M\u00e9tropole sous le num\u00e9ro 424 761 419 00045 (Code APE 2620Z) N\u00b0 TVA : FR 22 424 761\u00a0419<\/p>\n<p>Repr\u00e9sent\u00e9e par M. Octave KLABA<\/p>\n<p>T\u00e9l: +33 (0) 9 55 00 66 33<\/p>\n<p><strong>Directeur de la publication <\/strong><\/p>\n<p>La direction de la publication est assur\u00e9e par M. Renaud BIET<\/p>\n<p><strong>Droits d\u2019auteur<\/strong><\/p>\n<p>Le site <a href=\"http:\/\/www.hawk-tech.io\">www.hawk-tech.io<\/a> et l\u2019ensemble de son contenu, y compris textes, images fixes ou anim\u00e9es, base de donn\u00e9es, programmes\u2026 sont prot\u00e9g\u00e9s par le droit d\u2019auteur. L\u2019autorisation de reproduction ne vous est conc\u00e9d\u00e9e que sous forme num\u00e9rique sur votre ordinateur aux fins de visualisation des pages consult\u00e9es par votre logiciel de navigation. L\u2019impression papier est autoris\u00e9e aux fins de copie priv\u00e9e \u00e0 l\u2019usage exclusif de copiste au sens de l\u2019article L. 122-5 2\u00b0 du Code de la Propri\u00e9t\u00e9 Intellectuelle.<\/p>\n<p>&nbsp;<\/p>\n<p>Toute autre utilisation non express\u00e9ment vis\u00e9e aux pr\u00e9sentes, ou permise par contrat pass\u00e9 avec le HAWK SAS, n\u2019est pas permise et n\u00e9cessite un accord expr\u00e8s et pr\u00e9alable. Les marques, logos, graphismes, photographies, animations, vid\u00e9os et textes contenus sur le site <a href=\"http:\/\/www.hawk-tech.io\">www.hawk-tech.io<\/a> sont la propri\u00e9t\u00e9 intellectuelle de HAWK SAS et ne peuvent \u00eatre reproduits, utilis\u00e9s ou repr\u00e9sent\u00e9s sans son autorisation expresse, sous peine de poursuites judiciaires. Les droits d\u2019utilisation conc\u00e9d\u00e9s aux utilisateurs sont strictement limit\u00e9s \u00e0 l\u2019acc\u00e8s, au t\u00e9l\u00e9chargement, \u00e0 l\u2019impression, \u00e0 la reproduction sur tous supports et \u00e0 l\u2019utilisation de ces documents pour un usage priv\u00e9 et personnel. Toute autre utilisation est interdite sans l\u2019autorisation de HAWK SAS. Il est notamment interdit de modifier, copier, reproduire, t\u00e9l\u00e9charger, diffuser, transmettre, exploiter commercialement et\/ou distribuer de quelque fa\u00e7on que ce soit les r\u00e9ponses \u00e0 vos questions, les pages du site <a href=\"http:\/\/www.hawk-tech.io\">www.hawk-tech.io<\/a> , ou les codes informatiques des \u00e9l\u00e9ments composant les services et le site <a href=\"http:\/\/www.hawk-tech.io\">www.hawk-tech.io<\/a>.<\/p>\n<p>&nbsp;<\/p>\n<p><strong>Fonctionnement du site<\/strong><\/p>\n<p>HAWK SAS ne peut garantir que les services offerts sur sa plateforme, et sur son site \u00a0<a href=\"http:\/\/www.hawk-tech.io\">www.hawk-tech.io<\/a>, fonctionneront sans interruption ni erreur de fonctionnement. En particulier, leur exploitation pourra \u00eatre momentan\u00e9ment interrompue pour cause de maintenance, de mises \u00e0 jours ou d\u2019am\u00e9liorations techniques, ou pour en faire \u00e9voluer le contenu et\/ou leur pr\u00e9sentation. Dans la mesure du possible, HAWK SAS informera les utilisateurs pr\u00e9alablement \u00e0 une op\u00e9ration de maintenance ou de mise \u00e0 jour. De m\u00eame, le HAWK SAS ne saurait \u00e9galement \u00eatre tenu responsable d\u2019un non-fonctionnement, d\u2019une impossibilit\u00e9 d\u2019acc\u00e8s, ou de mauvaises conditions d\u2019utilisation du site <a href=\"http:\/\/www.hawk-tech.io\">www.hawk-tech.io<\/a>\u00a0 imputables \u00e0 un \u00e9quipement non adapt\u00e9, \u00e0 des dysfonctionnements internes au fournisseur d\u2019acc\u00e8s du membre, \u00e0 l\u2019encombrement du r\u00e9seau Internet, et pour toutes autres raisons ext\u00e9rieures.<\/p>\n<p><strong>Utilisation du site<\/strong><\/p>\n<p>Pour l\u2019utilisation des services de <a href=\"http:\/\/www.hawk-tech.io\">www.hawk-tech.io<\/a> , vous vous engagez notamment \u00e0 respecter les r\u00e8gles suivantes : Vous conformer aux lois en vigueur et respecter les droits des tiers. \u2013 Ne pas nous adresser des informations ou contenus non conformes \u00e0 la r\u00e9alit\u00e9. Ne pas nous adresser des informations ou contenus contrevenant aux droits d\u2019autrui ou \u00e0 caract\u00e8re diffamatoire, injurieux, obsc\u00e8ne, offensant, violent ou incitant \u00e0 la violence, politique, raciste ou x\u00e9nophobe et de mani\u00e8re g\u00e9n\u00e9rale tout contenu contraire \u00e0 l\u2019objet du site <a href=\"http:\/\/www.hawk-tech.io\">www.hawk-tech.io<\/a> ou aux lois et r\u00e8glements en vigueur. HAWK SAS ne peut \u00eatre tenu pour responsable des fausses d\u00e9clarations faites par un utilisateur.<\/p>\n<p>&nbsp;<\/p>\n<p>[\/et_pb_text][\/et_pb_column][\/et_pb_row][\/et_pb_section]<\/p>\n","protected":false},"excerpt":{"rendered":"<p>Mentions l\u00e9gales Date de la derni\u00e8re mise \u00e0 jour : 15\/04\/2022 Editeur L\u2019\u00e9diteur du site internet www.hawk-tech.io est\u00a0: HAWK SAS Soci\u00e9t\u00e9 par actions simplifi\u00e9e (SAS), au capital de 68.689 \u20ac,2 RUE DE CLICHY \u2013 75009 PARIS \u2013 FRANCE Immatricul\u00e9 au RCS de Paris, sous le num\u00e9ro 795 236 868 RCS (Code APE 7312Z)SIRET n\u00b079523686800019, n\u00b0 [&hellip;]<\/p>\n","protected":false},"author":1,"featured_media":0,"parent":0,"menu_order":0,"comment_status":"closed","ping_status":"closed","template":"","meta":{"_et_pb_use_builder":"on","_et_pb_old_content":"<!-- wp:heading --><h2>Who we are<\/h2><!-- \/wp:heading --><!-- wp:paragraph --><p>Our website address is: https:\/\/hawk-tech.io.<\/p><!-- \/wp:paragraph --><!-- wp:heading --><h2>What personal data we collect and why we collect it<\/h2><!-- \/wp:heading --><!-- wp:heading {\"level\":3} --><h3>Comments<\/h3><!-- \/wp:heading --><!-- wp:paragraph --><p>When visitors leave comments on the site we collect the data shown in the comments form, and also the visitor\u2019s IP address and browser user agent string to help spam detection.<\/p><!-- \/wp:paragraph --><!-- wp:paragraph --><p>An anonymized string created from your email address (also called a hash) may be provided to the Gravatar service to see if you are using it. The Gravatar service privacy policy is available here: https:\/\/automattic.com\/privacy\/. After approval of your comment, your profile picture is visible to the public in the context of your comment.<\/p><!-- \/wp:paragraph --><!-- wp:heading {\"level\":3} --><h3>Media<\/h3><!-- \/wp:heading --><!-- wp:paragraph --><p>If you upload images to the website, you should avoid uploading images with embedded location data (EXIF GPS) included. Visitors to the website can download and extract any location data from images on the website.<\/p><!-- \/wp:paragraph --><!-- wp:heading {\"level\":3} --><h3>Contact forms<\/h3><!-- \/wp:heading --><!-- wp:heading {\"level\":3} --><h3>Cookies<\/h3><!-- \/wp:heading --><!-- wp:paragraph --><p>If you leave a comment on our site you may opt-in to saving your name, email address and website in cookies. These are for your convenience so that you do not have to fill in your details again when you leave another comment. These cookies will last for one year.<\/p><!-- \/wp:paragraph --><!-- wp:paragraph --><p>If you visit our login page, we will set a temporary cookie to determine if your browser accepts cookies. This cookie contains no personal data and is discarded when you close your browser.<\/p><!-- \/wp:paragraph --><!-- wp:paragraph --><p>When you log in, we will also set up several cookies to save your login information and your screen display choices. Login cookies last for two days, and screen options cookies last for a year. If you select \"Remember Me\", your login will persist for two weeks. If you log out of your account, the login cookies will be removed.<\/p><!-- \/wp:paragraph --><!-- wp:paragraph --><p>If you edit or publish an article, an additional cookie will be saved in your browser. This cookie includes no personal data and simply indicates the post ID of the article you just edited. It expires after 1 day.<\/p><!-- \/wp:paragraph --><!-- wp:heading {\"level\":3} --><h3>Embedded content from other websites<\/h3><!-- \/wp:heading --><!-- wp:paragraph --><p>Articles on this site may include embedded content (e.g. videos, images, articles, etc.). Embedded content from other websites behaves in the exact same way as if the visitor has visited the other website.<\/p><!-- \/wp:paragraph --><!-- wp:paragraph --><p>These websites may collect data about you, use cookies, embed additional third-party tracking, and monitor your interaction with that embedded content, including tracking your interaction with the embedded content if you have an account and are logged in to that website.<\/p><!-- \/wp:paragraph --><!-- wp:heading {\"level\":3} --><h3>Analytics<\/h3><!-- \/wp:heading --><!-- wp:heading --><h2>Who we share your data with<\/h2><!-- \/wp:heading --><!-- wp:heading --><h2>How long we retain your data<\/h2><!-- \/wp:heading --><!-- wp:paragraph --><p>If you leave a comment, the comment and its metadata are retained indefinitely. This is so we can recognize and approve any follow-up comments automatically instead of holding them in a moderation queue.<\/p><!-- \/wp:paragraph --><!-- wp:paragraph --><p>For users that register on our website (if any), we also store the personal information they provide in their user profile. All users can see, edit, or delete their personal information at any time (except they cannot change their username). Website administrators can also see and edit that information.<\/p><!-- \/wp:paragraph --><!-- wp:heading --><h2>What rights you have over your data<\/h2><!-- \/wp:heading --><!-- wp:paragraph --><p>If you have an account on this site, or have left comments, you can request to receive an exported file of the personal data we hold about you, including any data you have provided to us. You can also request that we erase any personal data we hold about you. This does not include any data we are obliged to keep for administrative, legal, or security purposes.<\/p><!-- \/wp:paragraph --><!-- wp:heading --><h2>Where we send your data<\/h2><!-- \/wp:heading --><!-- wp:paragraph --><p>Visitor comments may be checked through an automated spam detection service.<\/p><!-- \/wp:paragraph --><!-- wp:heading --><h2>Your contact information<\/h2><!-- \/wp:heading --><!-- wp:heading --><h2>Additional information<\/h2><!-- \/wp:heading --><!-- wp:heading {\"level\":3} --><h3>How we protect your data<\/h3><!-- \/wp:heading --><!-- wp:heading {\"level\":3} --><h3>What data breach procedures we have in place<\/h3><!-- \/wp:heading --><!-- wp:heading {\"level\":3} --><h3>What third parties we receive data from<\/h3><!-- \/wp:heading --><!-- wp:heading {\"level\":3} --><h3>What automated decision making and\/or profiling we do with user data<\/h3><!-- \/wp:heading --><!-- wp:heading {\"level\":3} --><h3>Industry regulatory disclosure requirements<\/h3><!-- \/wp:heading -->","_et_gb_content_width":"","content-type":"","footnotes":""},"class_list":["post-4040","page","type-page","status-publish","hentry"],"yoast_head":"<!-- This site is optimized with the Yoast SEO plugin v27.3 - https:\/\/yoast.com\/product\/yoast-seo-wordpress\/ -->\n<title>Mentions L\u00e9gales - Hawk<\/title>\n<meta name=\"robots\" content=\"index, follow, max-snippet:-1, max-image-preview:large, max-video-preview:-1\" \/>\n<link rel=\"canonical\" href=\"https:\/\/hawk-tech.io\/fr\/mentions-legales\/\" \/>\n<meta property=\"og:locale\" content=\"fr_FR\" \/>\n<meta property=\"og:type\" content=\"article\" \/>\n<meta property=\"og:title\" content=\"Mentions L\u00e9gales - Hawk\" \/>\n<meta property=\"og:description\" content=\"Mentions l\u00e9gales Date de la derni\u00e8re mise \u00e0 jour : 15\/04\/2022 Editeur L\u2019\u00e9diteur du site internet www.hawk-tech.io est\u00a0: HAWK SAS Soci\u00e9t\u00e9 par actions simplifi\u00e9e (SAS), au capital de 68.689 \u20ac,2 RUE DE CLICHY \u2013 75009 PARIS \u2013 FRANCE Immatricul\u00e9 au RCS de Paris, sous le num\u00e9ro 795 236 868 RCS (Code APE 7312Z)SIRET n\u00b079523686800019, n\u00b0 [&hellip;]\" \/>\n<meta property=\"og:url\" content=\"https:\/\/hawk-tech.io\/fr\/mentions-legales\/\" \/>\n<meta property=\"og:site_name\" content=\"Hawk\" \/>\n<meta property=\"article:modified_time\" content=\"2024-02-19T09:11:48+00:00\" \/>\n<meta name=\"twitter:card\" content=\"summary_large_image\" \/>\n<meta name=\"twitter:label1\" content=\"Dur\u00e9e de lecture estim\u00e9e\" \/>\n\t<meta name=\"twitter:data1\" content=\"4 minutes\" \/>\n<script type=\"application\/ld+json\" class=\"yoast-schema-graph\">{\"@context\":\"https:\\\/\\\/schema.org\",\"@graph\":[{\"@type\":\"WebPage\",\"@id\":\"https:\\\/\\\/hawk-tech.io\\\/fr\\\/mentions-legales\\\/\",\"url\":\"https:\\\/\\\/hawk-tech.io\\\/fr\\\/mentions-legales\\\/\",\"name\":\"Mentions L\u00e9gales - Hawk\",\"isPartOf\":{\"@id\":\"https:\\\/\\\/hawk-tech.io\\\/fr\\\/#website\"},\"datePublished\":\"2022-04-22T08:49:01+00:00\",\"dateModified\":\"2024-02-19T09:11:48+00:00\",\"inLanguage\":\"fr-FR\",\"potentialAction\":[{\"@type\":\"ReadAction\",\"target\":[\"https:\\\/\\\/hawk-tech.io\\\/fr\\\/mentions-legales\\\/\"]}]},{\"@type\":\"WebSite\",\"@id\":\"https:\\\/\\\/hawk-tech.io\\\/fr\\\/#website\",\"url\":\"https:\\\/\\\/hawk-tech.io\\\/fr\\\/\",\"name\":\"Hawk\",\"description\":\"Making Omnichannel Advertising easier!\",\"publisher\":{\"@id\":\"https:\\\/\\\/hawk-tech.io\\\/fr\\\/#organization\"},\"potentialAction\":[{\"@type\":\"SearchAction\",\"target\":{\"@type\":\"EntryPoint\",\"urlTemplate\":\"https:\\\/\\\/hawk-tech.io\\\/fr\\\/?s={search_term_string}\"},\"query-input\":{\"@type\":\"PropertyValueSpecification\",\"valueRequired\":true,\"valueName\":\"search_term_string\"}}],\"inLanguage\":\"fr-FR\"},{\"@type\":\"Organization\",\"@id\":\"https:\\\/\\\/hawk-tech.io\\\/fr\\\/#organization\",\"name\":\"Hawk\",\"url\":\"https:\\\/\\\/hawk-tech.io\\\/fr\\\/\",\"logo\":{\"@type\":\"ImageObject\",\"inLanguage\":\"fr-FR\",\"@id\":\"https:\\\/\\\/hawk-tech.io\\\/fr\\\/#\\\/schema\\\/logo\\\/image\\\/\",\"url\":\"https:\\\/\\\/hawk-tech.io\\\/wp-content\\\/uploads\\\/2022\\\/03\\\/Hawk_logo.png\",\"contentUrl\":\"https:\\\/\\\/hawk-tech.io\\\/wp-content\\\/uploads\\\/2022\\\/03\\\/Hawk_logo.png\",\"width\":600,\"height\":250,\"caption\":\"Hawk\"},\"image\":{\"@id\":\"https:\\\/\\\/hawk-tech.io\\\/fr\\\/#\\\/schema\\\/logo\\\/image\\\/\"}}]}<\/script>\n<!-- \/ Yoast SEO plugin. -->","yoast_head_json":{"title":"Mentions L\u00e9gales - Hawk","robots":{"index":"index","follow":"follow","max-snippet":"max-snippet:-1","max-image-preview":"max-image-preview:large","max-video-preview":"max-video-preview:-1"},"canonical":"https:\/\/hawk-tech.io\/fr\/mentions-legales\/","og_locale":"fr_FR","og_type":"article","og_title":"Mentions L\u00e9gales - Hawk","og_description":"Mentions l\u00e9gales Date de la derni\u00e8re mise \u00e0 jour : 15\/04\/2022 Editeur L\u2019\u00e9diteur du site internet www.hawk-tech.io est\u00a0: HAWK SAS Soci\u00e9t\u00e9 par actions simplifi\u00e9e (SAS), au capital de 68.689 \u20ac,2 RUE DE CLICHY \u2013 75009 PARIS \u2013 FRANCE Immatricul\u00e9 au RCS de Paris, sous le num\u00e9ro 795 236 868 RCS (Code APE 7312Z)SIRET n\u00b079523686800019, n\u00b0 [&hellip;]","og_url":"https:\/\/hawk-tech.io\/fr\/mentions-legales\/","og_site_name":"Hawk","article_modified_time":"2024-02-19T09:11:48+00:00","twitter_card":"summary_large_image","twitter_misc":{"Dur\u00e9e de lecture estim\u00e9e":"4 minutes"},"schema":{"@context":"https:\/\/schema.org","@graph":[{"@type":"WebPage","@id":"https:\/\/hawk-tech.io\/fr\/mentions-legales\/","url":"https:\/\/hawk-tech.io\/fr\/mentions-legales\/","name":"Mentions L\u00e9gales - Hawk","isPartOf":{"@id":"https:\/\/hawk-tech.io\/fr\/#website"},"datePublished":"2022-04-22T08:49:01+00:00","dateModified":"2024-02-19T09:11:48+00:00","inLanguage":"fr-FR","potentialAction":[{"@type":"ReadAction","target":["https:\/\/hawk-tech.io\/fr\/mentions-legales\/"]}]},{"@type":"WebSite","@id":"https:\/\/hawk-tech.io\/fr\/#website","url":"https:\/\/hawk-tech.io\/fr\/","name":"Hawk","description":"Making Omnichannel Advertising easier!","publisher":{"@id":"https:\/\/hawk-tech.io\/fr\/#organization"},"potentialAction":[{"@type":"SearchAction","target":{"@type":"EntryPoint","urlTemplate":"https:\/\/hawk-tech.io\/fr\/?s={search_term_string}"},"query-input":{"@type":"PropertyValueSpecification","valueRequired":true,"valueName":"search_term_string"}}],"inLanguage":"fr-FR"},{"@type":"Organization","@id":"https:\/\/hawk-tech.io\/fr\/#organization","name":"Hawk","url":"https:\/\/hawk-tech.io\/fr\/","logo":{"@type":"ImageObject","inLanguage":"fr-FR","@id":"https:\/\/hawk-tech.io\/fr\/#\/schema\/logo\/image\/","url":"https:\/\/hawk-tech.io\/wp-content\/uploads\/2022\/03\/Hawk_logo.png","contentUrl":"https:\/\/hawk-tech.io\/wp-content\/uploads\/2022\/03\/Hawk_logo.png","width":600,"height":250,"caption":"Hawk"},"image":{"@id":"https:\/\/hawk-tech.io\/fr\/#\/schema\/logo\/image\/"}}]}},"_links":{"self":[{"href":"https:\/\/hawk-tech.io\/fr\/wp-json\/wp\/v2\/pages\/4040","targetHints":{"allow":["GET"]}}],"collection":[{"href":"https:\/\/hawk-tech.io\/fr\/wp-json\/wp\/v2\/pages"}],"about":[{"href":"https:\/\/hawk-tech.io\/fr\/wp-json\/wp\/v2\/types\/page"}],"author":[{"embeddable":true,"href":"https:\/\/hawk-tech.io\/fr\/wp-json\/wp\/v2\/users\/1"}],"replies":[{"embeddable":true,"href":"https:\/\/hawk-tech.io\/fr\/wp-json\/wp\/v2\/comments?post=4040"}],"version-history":[{"count":1,"href":"https:\/\/hawk-tech.io\/fr\/wp-json\/wp\/v2\/pages\/4040\/revisions"}],"predecessor-version":[{"id":9648,"href":"https:\/\/hawk-tech.io\/fr\/wp-json\/wp\/v2\/pages\/4040\/revisions\/9648"}],"wp:attachment":[{"href":"https:\/\/hawk-tech.io\/fr\/wp-json\/wp\/v2\/media?parent=4040"}],"curies":[{"name":"wp","href":"https:\/\/api.w.org\/{rel}","templated":true}]}}